{"id":232,"date":"2025-04-17T20:00:16","date_gmt":"2025-04-17T20:00:16","guid":{"rendered":"https:\/\/cumplimientochile.cl\/wp\/?page_id=232"},"modified":"2025-07-11T04:07:16","modified_gmt":"2025-07-11T04:07:16","slug":"libre-competencia","status":"publish","type":"page","link":"https:\/\/cumplimientochile.cl\/wp\/libre-competencia\/","title":{"rendered":"Libre Competencia"},"content":{"rendered":"<style>.kb-row-layout-id232_0cf961-1b > .kt-row-column-wrap{align-content:center;}:where(.kb-row-layout-id232_0cf961-1b > .kt-row-column-wrap) > .wp-block-kadence-column{justify-content:center;}.kb-row-layout-id232_0cf961-1b > .kt-row-column-wrap{column-gap:var(--global-kb-gap-md, 2rem);row-gap:var(--global-kb-gap-md, 2rem);max-width:var( --global-content-width, 1290px );padding-left:var(--global-content-edge-padding);padding-right:var(--global-content-edge-padding);padding-top:var(--global-kb-spacing-xs, 1rem);padding-bottom:var(--global-kb-spacing-xs, 1rem);grid-template-columns:minmax(0, 1fr);}.kb-row-layout-id232_0cf961-1b > .kt-row-layout-overlay{opacity:0.30;}@media all and (max-width: 1024px){.kb-row-layout-id232_0cf961-1b > .kt-row-column-wrap{grid-template-columns:minmax(0, 1fr);}}@media all and (max-width: 767px){.kb-row-layout-id232_0cf961-1b > .kt-row-column-wrap{grid-template-columns:minmax(0, 1fr);}}<\/style><div class=\"kb-row-layout-wrap kb-row-layout-id232_0cf961-1b alignfull has-theme-palette8-background-color kt-row-has-bg wp-block-kadence-rowlayout\"><div class=\"kt-row-column-wrap kt-has-1-columns kt-row-layout-equal kt-tab-layout-inherit kt-mobile-layout-row kt-row-valign-middle kb-theme-content-width\">\n<style>.kadence-column232_f07bcc-c0 > .kt-inside-inner-col{display:flex;}.kadence-column232_f07bcc-c0 > .kt-inside-inner-col,.kadence-column232_f07bcc-c0 > .kt-inside-inner-col:before{border-top-left-radius:0px;border-top-right-radius:0px;border-bottom-right-radius:0px;border-bottom-left-radius:0px;}.kadence-column232_f07bcc-c0 > .kt-inside-inner-col{column-gap:var(--global-kb-gap-sm, 1rem);}.kadence-column232_f07bcc-c0 > .kt-inside-inner-col{flex-direction:row;flex-wrap:wrap;align-items:center;}.kadence-column232_f07bcc-c0 > .kt-inside-inner-col > *, .kadence-column232_f07bcc-c0 > .kt-inside-inner-col > figure.wp-block-image, .kadence-column232_f07bcc-c0 > .kt-inside-inner-col > figure.wp-block-kadence-image{margin-top:0px;margin-bottom:0px;}.kadence-column232_f07bcc-c0 > .kt-inside-inner-col > .kb-image-is-ratio-size{flex-grow:1;}.kt-row-column-wrap > .kadence-column232_f07bcc-c0{align-self:center;}.kt-inner-column-height-full:not(.kt-has-1-columns) > .wp-block-kadence-column.kadence-column232_f07bcc-c0{align-self:auto;}.kt-inner-column-height-full:not(.kt-has-1-columns) > .wp-block-kadence-column.kadence-column232_f07bcc-c0 > .kt-inside-inner-col{align-items:center;}.kadence-column232_f07bcc-c0 > .kt-inside-inner-col:before{opacity:0.3;}.kadence-column232_f07bcc-c0{position:relative;}@media all and (max-width: 1024px){.kt-row-column-wrap > .kadence-column232_f07bcc-c0{align-self:center;}}@media all and (max-width: 1024px){.kt-inner-column-height-full:not(.kt-has-1-columns) > .wp-block-kadence-column.kadence-column232_f07bcc-c0{align-self:auto;}}@media all and (max-width: 1024px){.kt-inner-column-height-full:not(.kt-has-1-columns) > .wp-block-kadence-column.kadence-column232_f07bcc-c0 > .kt-inside-inner-col{align-items:center;}}@media all and (max-width: 1024px){.kadence-column232_f07bcc-c0 > .kt-inside-inner-col{flex-direction:row;flex-wrap:wrap;align-items:center;}}@media all and (min-width: 768px) and (max-width: 1024px){.kadence-column232_f07bcc-c0 > .kt-inside-inner-col > *, .kadence-column232_f07bcc-c0 > .kt-inside-inner-col > figure.wp-block-image, .kadence-column232_f07bcc-c0 > .kt-inside-inner-col > figure.wp-block-kadence-image{margin-top:0px;margin-bottom:0px;}.kadence-column232_f07bcc-c0 > .kt-inside-inner-col > .kb-image-is-ratio-size{flex-grow:1;}}@media all and (max-width: 767px){.kt-row-column-wrap > .kadence-column232_f07bcc-c0{align-self:center;}.kt-inner-column-height-full:not(.kt-has-1-columns) > .wp-block-kadence-column.kadence-column232_f07bcc-c0{align-self:auto;}.kt-inner-column-height-full:not(.kt-has-1-columns) > .wp-block-kadence-column.kadence-column232_f07bcc-c0 > .kt-inside-inner-col{align-items:center;}.kadence-column232_f07bcc-c0 > .kt-inside-inner-col{flex-direction:row;flex-wrap:wrap;justify-content:flex-start;}.kadence-column232_f07bcc-c0 > .kt-inside-inner-col > *, .kadence-column232_f07bcc-c0 > .kt-inside-inner-col > figure.wp-block-image, .kadence-column232_f07bcc-c0 > .kt-inside-inner-col > figure.wp-block-kadence-image{margin-top:0px;margin-bottom:0px;}.kadence-column232_f07bcc-c0 > .kt-inside-inner-col > .kb-image-is-ratio-size{flex-grow:1;}}<\/style>\n<div class=\"wp-block-kadence-column kadence-column232_f07bcc-c0 kb-section-dir-horizontal\"><div class=\"kt-inside-inner-col\"><style>.kadence-column232_a9bb45-b9{max-width:50px;margin-left:auto;margin-right:auto;}.wp-block-kadence-column.kb-section-dir-horizontal:not(.kb-section-md-dir-vertical)>.kt-inside-inner-col>.kadence-column232_a9bb45-b9{-webkit-flex:0 1 50px;flex:0 1 50px;max-width:unset;margin-left:unset;margin-right:unset;}.kadence-column232_a9bb45-b9 > .kt-inside-inner-col,.kadence-column232_a9bb45-b9 > .kt-inside-inner-col:before{border-top-left-radius:0px;border-top-right-radius:0px;border-bottom-right-radius:0px;border-bottom-left-radius:0px;}.kadence-column232_a9bb45-b9 > .kt-inside-inner-col{column-gap:var(--global-kb-gap-sm, 1rem);}.kadence-column232_a9bb45-b9 > .kt-inside-inner-col{flex-direction:column;}.kadence-column232_a9bb45-b9 > .kt-inside-inner-col > .aligncenter{width:100%;}.kadence-column232_a9bb45-b9 > .kt-inside-inner-col:before{opacity:0.3;}.kadence-column232_a9bb45-b9{position:relative;}@media all and (min-width: 1025px){.wp-block-kadence-column.kb-section-dir-horizontal>.kt-inside-inner-col>.kadence-column232_a9bb45-b9{-webkit-flex:0 1 50px;flex:0 1 50px;max-width:unset;margin-left:unset;margin-right:unset;}}@media all and (max-width: 1024px){.kadence-column232_a9bb45-b9 > .kt-inside-inner-col{flex-direction:column;justify-content:center;}}@media all and (max-width: 767px){.wp-block-kadence-column.kb-section-sm-dir-vertical:not(.kb-section-sm-dir-horizontal):not(.kb-section-sm-dir-specificity)>.kt-inside-inner-col>.kadence-column232_a9bb45-b9{max-width:50px;-webkit-flex:1;flex:1;margin-left:auto;margin-right:auto;}.kadence-column232_a9bb45-b9 > .kt-inside-inner-col{flex-direction:column;justify-content:center;}}<\/style>\n<div class=\"wp-block-kadence-column kadence-column232_a9bb45-b9\"><div class=\"kt-inside-inner-col\"><style>.wp-block-kadence-spacer.kt-block-spacer-232_fd0d3d-ec .kt-block-spacer{height:60px;}.wp-block-kadence-spacer.kt-block-spacer-232_fd0d3d-ec .kt-divider{border-top-width:2px;border-top-color:var(--global-palette1, #3182CE);width:100%;border-top-style:solid;}<\/style>\n<div class=\"wp-block-kadence-spacer aligncenter kt-block-spacer-232_fd0d3d-ec\"><div class=\"kt-block-spacer kt-block-spacer-halign-center\"><hr class=\"kt-divider\"\/><\/div><\/div>\n<\/div><\/div>\n\n\n<style>.wp-block-kadence-advancedheading.kt-adv-heading232_5bb623-88, .wp-block-kadence-advancedheading.kt-adv-heading232_5bb623-88[data-kb-block=\"kb-adv-heading232_5bb623-88\"]{padding-bottom:0px;margin-top:0px;text-align:center;font-size:var(--global-kb-font-size-lg, 2rem);font-style:normal;text-transform:uppercase;}.wp-block-kadence-advancedheading.kt-adv-heading232_5bb623-88 mark.kt-highlight, .wp-block-kadence-advancedheading.kt-adv-heading232_5bb623-88[data-kb-block=\"kb-adv-heading232_5bb623-88\"] mark.kt-highlight{font-style:normal;color:#f76a0c;-webkit-box-decoration-break:clone;box-decoration-break:clone;padding-top:0px;padding-right:0px;padding-bottom:0px;padding-left:0px;}.wp-block-kadence-advancedheading.kt-adv-heading232_5bb623-88 img.kb-inline-image, .wp-block-kadence-advancedheading.kt-adv-heading232_5bb623-88[data-kb-block=\"kb-adv-heading232_5bb623-88\"] img.kb-inline-image{width:150px;vertical-align:baseline;}<\/style>\n<h3 class=\"kt-adv-heading232_5bb623-88 wp-block-kadence-advancedheading has-theme-palette-1-color has-text-color\" data-kb-block=\"kb-adv-heading232_5bb623-88\">Libre competencia<\/h3>\n\n\n<style>.kadence-column232_c27946-a7 > .kt-inside-inner-col,.kadence-column232_c27946-a7 > .kt-inside-inner-col:before{border-top-left-radius:0px;border-top-right-radius:0px;border-bottom-right-radius:0px;border-bottom-left-radius:0px;}.kadence-column232_c27946-a7 > .kt-inside-inner-col{column-gap:var(--global-kb-gap-sm, 1rem);}.kadence-column232_c27946-a7 > .kt-inside-inner-col{flex-direction:column;}.kadence-column232_c27946-a7 > .kt-inside-inner-col > .aligncenter{width:100%;}.kadence-column232_c27946-a7 > .kt-inside-inner-col:before{opacity:0.3;}.kadence-column232_c27946-a7{position:relative;}@media all and (max-width: 1024px){.kadence-column232_c27946-a7 > .kt-inside-inner-col{flex-direction:column;justify-content:center;}}@media all and (max-width: 767px){.kadence-column232_c27946-a7 > .kt-inside-inner-col{flex-direction:column;justify-content:center;}}<\/style>\n<div class=\"wp-block-kadence-column kadence-column232_c27946-a7\"><div class=\"kt-inside-inner-col\"><style>.wp-block-kadence-spacer.kt-block-spacer-232_d5b3f1-29 .kt-block-spacer{height:60px;}.wp-block-kadence-spacer.kt-block-spacer-232_d5b3f1-29 .kt-divider{border-top-width:2px;border-top-color:var(--global-palette1, #3182CE);width:100%;border-top-style:solid;}<\/style>\n<div class=\"wp-block-kadence-spacer aligncenter kt-block-spacer-232_d5b3f1-29\"><div class=\"kt-block-spacer kt-block-spacer-halign-center\"><hr class=\"kt-divider\"\/><\/div><\/div>\n<\/div><\/div>\n<\/div><\/div>\n\n<\/div><\/div>\n\n\n\n\n<p>Lorem Ipsum has been the industry&#8217;s standard dummy text ever since the 1500s.<\/p>\n\n\n\n\n\n\n\n<p class=\"has-medium-font-size\"><a><strong>Objetivo General<\/strong><\/a><\/p>\n\n\n\n<p class=\"has-theme-palette-2-color has-text-color has-link-color has-small-font-size wp-elements-69244cb8c0a5e1960c8511fd737f87b4\">Fortalecer el conocimiento y la comprensi\u00f3n de los principios de la libre competencia, entregando herramientas te\u00f3ricas y pr\u00e1cticas que permitan identificar conductas contrarias a la normativa, promover buenas pr\u00e1cticas empresariales, conocer el rol de las autoridades fiscalizadoras y fomentar una cultura organizacional basada en el cumplimiento normativo y la \u00e9tica empresarial.<\/p>\n\n\n\n<p class=\"has-medium-font-size\"><a><strong>Contenidos<\/strong><\/a><\/p>\n\n\n<style>.wp-block-kadence-iconlist.kt-svg-icon-list-items232_5dc5e9-9b:not(.this-stops-third-party-issues){margin-top:0px;margin-bottom:0px;}.wp-block-kadence-iconlist.kt-svg-icon-list-items232_5dc5e9-9b ul.kt-svg-icon-list:not(.this-prevents-issues):not(.this-stops-third-party-issues):not(.tijsloc){margin-top:0px;margin-right:0px;margin-bottom:var(--global-kb-spacing-sm, 1.5rem);margin-left:0px;}.wp-block-kadence-iconlist.kt-svg-icon-list-items232_5dc5e9-9b ul.kt-svg-icon-list{grid-row-gap:5px;}.wp-block-kadence-iconlist.kt-svg-icon-list-items232_5dc5e9-9b .kb-svg-icon-wrap{font-size:0px;color:var(--global-palette1, #3182CE);}.wp-block-kadence-iconlist.kt-svg-icon-list-items232_5dc5e9-9b ul.kt-svg-icon-list .kt-svg-icon-list-item-wrap .kt-svg-icon-list-single{margin-right:10px;}.kt-svg-icon-list-items232_5dc5e9-9b ul.kt-svg-icon-list .kt-svg-icon-list-item-wrap, .kt-svg-icon-list-items232_5dc5e9-9b ul.kt-svg-icon-list .kt-svg-icon-list-item-wrap a{color:var(--global-palette2, #2B6CB0);font-size:var(--global-kb-font-size-sm, 0.9rem);color:var(--global-palette2, #2B6CB0);}.kt-svg-icon-list-items232_5dc5e9-9b ul.kt-svg-icon-list .kt-svg-icon-list-level-0 .kt-svg-icon-list-single svg{font-size:20px;}<\/style>\n<div class=\"wp-block-kadence-iconlist kt-svg-icon-list-items kt-svg-icon-list-items232_5dc5e9-9b kt-svg-icon-list-columns-1 alignnone\"><ul class=\"kt-svg-icon-list\"><style>.kt-svg-icon-list-item-232_93792b-c8 .kt-svg-icon-list-text mark.kt-highlight{background-color:unset;font-style:normal;color:#f76a0c;-webkit-box-decoration-break:clone;box-decoration-break:clone;padding-top:0px;padding-right:0px;padding-bottom:0px;padding-left:0px;}<\/style>\n<li class=\"wp-block-kadence-listitem kt-svg-icon-list-item-wrap kt-svg-icon-list-item-232_93792b-c8\"><span class=\"kb-svg-icon-wrap kb-svg-icon-fe_checkCircle kt-svg-icon-list-single\"><svg viewBox=\"0 0 24 24\"  fill=\"none\" stroke=\"currentColor\" stroke-width=\"2\" stroke-linecap=\"round\" stroke-linejoin=\"round\" xmlns=\"http:\/\/www.w3.org\/2000\/svg\"  aria-hidden=\"true\"><path d=\"M22 11.08V12a10 10 0 1 1-5.93-9.14\"\/><polyline points=\"22 4 12 14.01 9 11.01\"\/><\/svg><\/span><span class=\"kt-svg-icon-list-text\">M\u00f3dulo 01 &#8211; Introducci\u00f3n a la Libre Competencia<\/span><\/li>\n\n\n<style>.kt-svg-icon-list-item-232_7bd10f-f3 .kt-svg-icon-list-text mark.kt-highlight{background-color:unset;font-style:normal;color:#f76a0c;-webkit-box-decoration-break:clone;box-decoration-break:clone;padding-top:0px;padding-right:0px;padding-bottom:0px;padding-left:0px;}<\/style>\n<li class=\"wp-block-kadence-listitem kt-svg-icon-list-item-wrap kt-svg-icon-list-item-232_7bd10f-f3\"><span class=\"kb-svg-icon-wrap kb-svg-icon-fe_checkCircle kt-svg-icon-list-single\"><svg viewBox=\"0 0 24 24\"  fill=\"none\" stroke=\"currentColor\" stroke-width=\"2\" stroke-linecap=\"round\" stroke-linejoin=\"round\" xmlns=\"http:\/\/www.w3.org\/2000\/svg\"  aria-hidden=\"true\"><path d=\"M22 11.08V12a10 10 0 1 1-5.93-9.14\"\/><polyline points=\"22 4 12 14.01 9 11.01\"\/><\/svg><\/span><span class=\"kt-svg-icon-list-text\">M\u00f3dulo 02 &#8211; Historia y Marco Normativo de la Libre Competencia en Chile<\/span><\/li>\n\n\n<style>.kt-svg-icon-list-item-232_3fdd19-34 .kt-svg-icon-list-text mark.kt-highlight{background-color:unset;font-style:normal;color:#f76a0c;-webkit-box-decoration-break:clone;box-decoration-break:clone;padding-top:0px;padding-right:0px;padding-bottom:0px;padding-left:0px;}<\/style>\n<li class=\"wp-block-kadence-listitem kt-svg-icon-list-item-wrap kt-svg-icon-list-item-232_3fdd19-34\"><span class=\"kb-svg-icon-wrap kb-svg-icon-fe_checkCircle kt-svg-icon-list-single\"><svg viewBox=\"0 0 24 24\"  fill=\"none\" stroke=\"currentColor\" stroke-width=\"2\" stroke-linecap=\"round\" stroke-linejoin=\"round\" xmlns=\"http:\/\/www.w3.org\/2000\/svg\"  aria-hidden=\"true\"><path d=\"M22 11.08V12a10 10 0 1 1-5.93-9.14\"\/><polyline points=\"22 4 12 14.01 9 11.01\"\/><\/svg><\/span><span class=\"kt-svg-icon-list-text\">M\u00f3dulo 03 &#8211; Principales Acciones que Atentan contra la Libre Competencia<\/span><\/li>\n\n\n<style>.kt-svg-icon-list-item-232_0a2dea-ec .kt-svg-icon-list-text mark.kt-highlight{background-color:unset;font-style:normal;color:#f76a0c;-webkit-box-decoration-break:clone;box-decoration-break:clone;padding-top:0px;padding-right:0px;padding-bottom:0px;padding-left:0px;}<\/style>\n<li class=\"wp-block-kadence-listitem kt-svg-icon-list-item-wrap kt-svg-icon-list-item-232_0a2dea-ec\"><span class=\"kb-svg-icon-wrap kb-svg-icon-fe_checkCircle kt-svg-icon-list-single\"><svg viewBox=\"0 0 24 24\"  fill=\"none\" stroke=\"currentColor\" stroke-width=\"2\" stroke-linecap=\"round\" stroke-linejoin=\"round\" xmlns=\"http:\/\/www.w3.org\/2000\/svg\"  aria-hidden=\"true\"><path d=\"M22 11.08V12a10 10 0 1 1-5.93-9.14\"\/><polyline points=\"22 4 12 14.01 9 11.01\"\/><\/svg><\/span><span class=\"kt-svg-icon-list-text\">M\u00f3dulo 04 &#8211; Casos Emblem\u00e1ticos en Chile<\/span><\/li>\n\n\n<style>.kt-svg-icon-list-item-232_805108-af .kt-svg-icon-list-text mark.kt-highlight{background-color:unset;font-style:normal;color:#f76a0c;-webkit-box-decoration-break:clone;box-decoration-break:clone;padding-top:0px;padding-right:0px;padding-bottom:0px;padding-left:0px;}<\/style>\n<li class=\"wp-block-kadence-listitem kt-svg-icon-list-item-wrap kt-svg-icon-list-item-232_805108-af\"><span class=\"kb-svg-icon-wrap kb-svg-icon-fe_checkCircle kt-svg-icon-list-single\"><svg viewBox=\"0 0 24 24\"  fill=\"none\" stroke=\"currentColor\" stroke-width=\"2\" stroke-linecap=\"round\" stroke-linejoin=\"round\" xmlns=\"http:\/\/www.w3.org\/2000\/svg\"  aria-hidden=\"true\"><path d=\"M22 11.08V12a10 10 0 1 1-5.93-9.14\"\/><polyline points=\"22 4 12 14.01 9 11.01\"\/><\/svg><\/span><span class=\"kt-svg-icon-list-text\">M\u00f3dulo 05 &#8211; Buenas Pr\u00e1cticas Empresariales<\/span><\/li>\n\n\n<style>.kt-svg-icon-list-item-232_ec7053-af .kt-svg-icon-list-text mark.kt-highlight{background-color:unset;font-style:normal;color:#f76a0c;-webkit-box-decoration-break:clone;box-decoration-break:clone;padding-top:0px;padding-right:0px;padding-bottom:0px;padding-left:0px;}<\/style>\n<li class=\"wp-block-kadence-listitem kt-svg-icon-list-item-wrap kt-svg-icon-list-item-232_ec7053-af\"><span class=\"kb-svg-icon-wrap kb-svg-icon-fe_checkCircle kt-svg-icon-list-single\"><svg viewBox=\"0 0 24 24\"  fill=\"none\" stroke=\"currentColor\" stroke-width=\"2\" stroke-linecap=\"round\" stroke-linejoin=\"round\" xmlns=\"http:\/\/www.w3.org\/2000\/svg\"  aria-hidden=\"true\"><path d=\"M22 11.08V12a10 10 0 1 1-5.93-9.14\"\/><polyline points=\"22 4 12 14.01 9 11.01\"\/><\/svg><\/span><span class=\"kt-svg-icon-list-text\">M\u00f3dulo 06 &#8211; Compliance y Cultura de Cumplimiento en Libre Competencia&nbsp;&nbsp;&nbsp;&nbsp;&nbsp;&nbsp;&nbsp;&nbsp;&nbsp;&nbsp;&nbsp;&nbsp;&nbsp;&nbsp;&nbsp;&nbsp;<\/span><\/li>\n\n\n<style>.kt-svg-icon-list-item-232_e9e109-1e .kt-svg-icon-list-text mark.kt-highlight{background-color:unset;font-style:normal;color:#f76a0c;-webkit-box-decoration-break:clone;box-decoration-break:clone;padding-top:0px;padding-right:0px;padding-bottom:0px;padding-left:0px;}<\/style>\n<li class=\"wp-block-kadence-listitem kt-svg-icon-list-item-wrap kt-svg-icon-list-item-232_e9e109-1e\"><span class=\"kb-svg-icon-wrap kb-svg-icon-fe_checkCircle kt-svg-icon-list-single\"><svg viewBox=\"0 0 24 24\"  fill=\"none\" stroke=\"currentColor\" stroke-width=\"2\" stroke-linecap=\"round\" stroke-linejoin=\"round\" xmlns=\"http:\/\/www.w3.org\/2000\/svg\"  aria-hidden=\"true\"><path d=\"M22 11.08V12a10 10 0 1 1-5.93-9.14\"\/><polyline points=\"22 4 12 14.01 9 11.01\"\/><\/svg><\/span><span class=\"kt-svg-icon-list-text\">M\u00f3dulo 07 &#8211; Autoridades y Procedimientos de Investigaci\u00f3n en Libre Competencia<\/span><\/li>\n\n\n<style>.kt-svg-icon-list-item-232_36d6f0-07 .kt-svg-icon-list-text mark.kt-highlight{background-color:unset;font-style:normal;color:#f76a0c;-webkit-box-decoration-break:clone;box-decoration-break:clone;padding-top:0px;padding-right:0px;padding-bottom:0px;padding-left:0px;}<\/style>\n<li class=\"wp-block-kadence-listitem kt-svg-icon-list-item-wrap kt-svg-icon-list-item-232_36d6f0-07\"><span class=\"kb-svg-icon-wrap kb-svg-icon-fe_checkCircle kt-svg-icon-list-single\"><svg viewBox=\"0 0 24 24\"  fill=\"none\" stroke=\"currentColor\" stroke-width=\"2\" stroke-linecap=\"round\" stroke-linejoin=\"round\" xmlns=\"http:\/\/www.w3.org\/2000\/svg\"  aria-hidden=\"true\"><path d=\"M22 11.08V12a10 10 0 1 1-5.93-9.14\"\/><polyline points=\"22 4 12 14.01 9 11.01\"\/><\/svg><\/span><span class=\"kt-svg-icon-list-text\">M\u00f3dulo 08 &#8211; Fomentando una Cultura de Protecci\u00f3n de Datos en las Empresas<\/span><\/li>\n<\/ul><\/div>\n\n\n\n\n\n<p><\/p>\n","protected":false},"excerpt":{"rendered":"<p>Libre competencia<\/p>\n","protected":false},"author":1,"featured_media":0,"parent":0,"menu_order":0,"comment_status":"closed","ping_status":"closed","template":"","meta":{"pagelayer_contact_templates":[],"_pagelayer_content":"","_uag_custom_page_level_css":"","_kad_post_transparent":"disable","_kad_post_title":"hide","_kad_post_layout":"fullwidth","_kad_post_sidebar_id":"","_kad_post_content_style":"unboxed","_kad_post_vertical_padding":"default","_kad_post_feature":"","_kad_post_feature_position":"","_kad_post_header":false,"_kad_post_footer":false,"_kad_post_classname":"","footnotes":""},"class_list":["post-232","page","type-page","status-publish","hentry"],"uagb_featured_image_src":{"full":false,"thumbnail":false,"medium":false,"medium_large":false,"large":false,"1536x1536":false,"2048x2048":false},"uagb_author_info":{"display_name":"admin","author_link":"https:\/\/cumplimientochile.cl\/wp\/author\/admin\/"},"uagb_comment_info":0,"uagb_excerpt":"Libre competencia","_links":{"self":[{"href":"https:\/\/cumplimientochile.cl\/wp\/wp-json\/wp\/v2\/pages\/232","targetHints":{"allow":["GET"]}}],"collection":[{"href":"https:\/\/cumplimientochile.cl\/wp\/wp-json\/wp\/v2\/pages"}],"about":[{"href":"https:\/\/cumplimientochile.cl\/wp\/wp-json\/wp\/v2\/types\/page"}],"author":[{"embeddable":true,"href":"https:\/\/cumplimientochile.cl\/wp\/wp-json\/wp\/v2\/users\/1"}],"replies":[{"embeddable":true,"href":"https:\/\/cumplimientochile.cl\/wp\/wp-json\/wp\/v2\/comments?post=232"}],"version-history":[{"count":6,"href":"https:\/\/cumplimientochile.cl\/wp\/wp-json\/wp\/v2\/pages\/232\/revisions"}],"predecessor-version":[{"id":324,"href":"https:\/\/cumplimientochile.cl\/wp\/wp-json\/wp\/v2\/pages\/232\/revisions\/324"}],"wp:attachment":[{"href":"https:\/\/cumplimientochile.cl\/wp\/wp-json\/wp\/v2\/media?parent=232"}],"curies":[{"name":"wp","href":"https:\/\/api.w.org\/{rel}","templated":true}]}}